{"id":260,"date":"2019-07-25T19:04:35","date_gmt":"2019-07-25T17:04:35","guid":{"rendered":"http:\/\/lesbergersdupeyrat.fr\/?page_id=260"},"modified":"2019-09-19T09:45:37","modified_gmt":"2019-09-19T07:45:37","slug":"nos-beaucerons","status":"publish","type":"page","link":"https:\/\/lesbergersdupeyrat.fr\/index.php\/nos-beaucerons\/","title":{"rendered":"NOS BEAUCERONS"},"content":{"rendered":"<h2>Made In Jamaica, dit Mad&rsquo;in, Nikitta, dit Nikkitouille&nbsp; tous deux issus de l&rsquo;\u00e9levage <a href=\"https:\/\/liensdufeu.chiens-de-france.com\/berger-de-beauce.html\" target=\"_blank\" rel=\"noopener noreferrer\">Des Liens du Feu<\/a>.<\/h2>\r\n<h2>Que dire de plus de nos beaucerons que ce que nous pouvons tous lire sur cette race de Berger dans la litt\u00e9rature ou sur le site du <a href=\"http:\/\/www.amisdubeauceron.org\/caractere\/caractere.html\" target=\"_blank\" rel=\"noopener noreferrer\">Club des Amis du Beauceron<\/a>.<\/h2>\r\n<h2>Une chose est sure, ils ont chang\u00e9 notre vie&#8230;<\/h2>\r\n<p>&nbsp;<\/p>\r\nngg_shortcode_0_placeholder\r\n<p>&nbsp;<\/p>\r\n<blockquote>\r\n<p>En cliquant sur les vignettes \u00ab\u00a0LOF Select\u00a0\u00bb vous aurez acc\u00e8s \u00e0 toutes les informations de nos chiens collect\u00e9es par la Soci\u00e9t\u00e9 Centrale Canine, p\u00e9digr\u00e9e, r\u00e9sultats des expositions, arbre g\u00e9n\u00e9alogique&#8230;<\/p>\r\n<\/blockquote>\r\n<p><a href=\"https:\/\/www.centrale-canine.fr\/lofselect\/chien\/nikkita-6889850\" target=\"_blank\" rel=\"noopener noreferrer\"><img loading=\"lazy\" decoding=\"async\" class=\"alignnone wp-image-154 size-full\" title=\"Nikkita desliens du feu\" src=\"http:\/\/lesbergersdupeyrat.fr\/wp-content\/uploads\/2019\/07\/logo_lof_select.png\" alt=\"\" width=\"125\" height=\"114\"><\/a> &nbsp; &nbsp; &nbsp; &nbsp; &nbsp; &nbsp; &nbsp; &nbsp; &nbsp; &nbsp; &nbsp; &nbsp; &nbsp; &nbsp; &nbsp; &nbsp; &nbsp; &nbsp; &nbsp; &nbsp; &nbsp; &nbsp; &nbsp; <a href=\"https:\/\/www.centrale-canine.fr\/lofselect\/chien\/made-jamaica-des-liens-du-feu-6548422\" target=\"_blank\" rel=\"noopener noreferrer\"><img loading=\"lazy\" decoding=\"async\" class=\"alignnone wp-image-154 size-full\" title=\"Made In Jamaica des liens du feu\" src=\"http:\/\/lesbergersdupeyrat.fr\/wp-content\/uploads\/2019\/07\/logo_lof_select.png\" alt=\"\" width=\"125\" height=\"114\"><\/a><\/p>\r\n\r\n\r\n","protected":false},"excerpt":{"rendered":"<p>Made In Jamaica, dit Mad&rsquo;in, Nikitta, dit Nikkitouille&nbsp; tous deux issus de l&rsquo;\u00e9levage Des Liens du Feu. Que dire de plus de nos beaucerons que ce que nous pouvons tous lire sur cette race de Berger dans la litt\u00e9rature ou sur le site du Club des Amis du Beauceron. Une chose est sure, ils ont [&hellip;]<\/p>\n","protected":false},"author":1,"featured_media":982,"parent":0,"menu_order":0,"comment_status":"closed","ping_status":"closed","template":"","meta":{"site-sidebar-layout":"default","site-content-layout":"","ast-site-content-layout":"","site-content-style":"default","site-sidebar-style":"default","ast-global-header-display":"","ast-banner-title-visibility":"","ast-main-header-display":"","ast-hfb-above-header-display":"","ast-hfb-below-header-display":"","ast-hfb-mobile-header-display":"","site-post-title":"","ast-breadcrumbs-content":"","ast-featured-img":"","footer-sml-layout":"","theme-transparent-header-meta":"","adv-header-id-meta":"","stick-header-meta":"","header-above-stick-meta":"","header-main-stick-meta":"","header-below-stick-meta":"","astra-migrate-meta-layouts":"default","ast-page-background-enabled":"default","ast-page-background-meta":{"desktop":{"background-color":"var(--ast-global-color-4)","background-image":"","background-repeat":"repeat","background-position":"center center","background-size":"auto","background-attachment":"scroll","background-type":"","background-media":"","overlay-type":"","overlay-color":"","overlay-gradient":""},"tablet":{"background-color":"","background-image":"","background-repeat":"repeat","background-position":"center center","background-size":"auto","background-attachment":"scroll","background-type":"","background-media":"","overlay-type":"","overlay-color":"","overlay-gradient":""},"mobile":{"background-color":"","background-image":"","background-repeat":"repeat","background-position":"center center","background-size":"auto","background-attachment":"scroll","background-type":"","background-media":"","overlay-type":"","overlay-color":"","overlay-gradient":""}},"ast-content-background-meta":{"desktop":{"background-color":"var(--ast-global-color-5)","background-image":"","background-repeat":"repeat","background-position":"center center","background-size":"auto","background-attachment":"scroll","background-type":"","background-media":"","overlay-type":"","overlay-color":"","overlay-gradient":""},"tablet":{"background-color":"var(--ast-global-color-5)","background-image":"","background-repeat":"repeat","background-position":"center center","background-size":"auto","background-attachment":"scroll","background-type":"","background-media":"","overlay-type":"","overlay-color":"","overlay-gradient":""},"mobile":{"background-color":"var(--ast-global-color-5)","background-image":"","background-repeat":"repeat","background-position":"center center","background-size":"auto","background-attachment":"scroll","background-type":"","background-media":"","overlay-type":"","overlay-color":"","overlay-gradient":""}},"ngg_post_thumbnail":0,"footnotes":""},"yoast_head":"<!-- This site is optimized with the Yoast SEO plugin v24.5 - https:\/\/yoast.com\/wordpress\/plugins\/seo\/ -->\n<title>NOS BEAUCERONS - Les Bergers du Peyrat<\/title>\n<meta name=\"robots\" content=\"index, follow, max-snippet:-1, max-image-preview:large, max-video-preview:-1\" \/>\n<link rel=\"canonical\" href=\"https:\/\/lesbergersdupeyrat.fr\/index.php\/nos-beaucerons\/\" \/>\n<meta property=\"og:locale\" content=\"fr_FR\" \/>\n<meta property=\"og:type\" content=\"article\" \/>\n<meta property=\"og:title\" content=\"NOS BEAUCERONS - Les Bergers du Peyrat\" \/>\n<meta property=\"og:description\" content=\"Made In Jamaica, dit Mad&rsquo;in, Nikitta, dit Nikkitouille&nbsp; tous deux issus de l&rsquo;\u00e9levage Des Liens du Feu. Que dire de plus de nos beaucerons que ce que nous pouvons tous lire sur cette race de Berger dans la litt\u00e9rature ou sur le site du Club des Amis du Beauceron. Une chose est sure, ils ont [&hellip;]\" \/>\n<meta property=\"og:url\" content=\"https:\/\/lesbergersdupeyrat.fr\/index.php\/nos-beaucerons\/\" \/>\n<meta property=\"og:site_name\" content=\"Les Bergers du Peyrat\" \/>\n<meta property=\"article:modified_time\" content=\"2019-09-19T07:45:37+00:00\" \/>\n<meta property=\"og:image\" content=\"https:\/\/lesbergersdupeyrat.fr\/wp-content\/uploads\/2019\/09\/IMG_6109.jpg\" \/>\n\t<meta property=\"og:image:width\" content=\"1920\" \/>\n\t<meta property=\"og:image:height\" content=\"1147\" \/>\n\t<meta property=\"og:image:type\" content=\"image\/jpeg\" \/>\n<meta name=\"twitter:card\" content=\"summary_large_image\" \/>\n<meta name=\"twitter:label1\" content=\"Dur\u00e9e de lecture estim\u00e9e\" \/>\n\t<meta name=\"twitter:data1\" content=\"1 minute\" \/>\n<script type=\"application\/ld+json\" class=\"yoast-schema-graph\">{\"@context\":\"https:\/\/schema.org\",\"@graph\":[{\"@type\":\"WebPage\",\"@id\":\"https:\/\/lesbergersdupeyrat.fr\/index.php\/nos-beaucerons\/\",\"url\":\"https:\/\/lesbergersdupeyrat.fr\/index.php\/nos-beaucerons\/\",\"name\":\"NOS BEAUCERONS - Les Bergers du Peyrat\",\"isPartOf\":{\"@id\":\"https:\/\/lesbergersdupeyrat.fr\/#website\"},\"primaryImageOfPage\":{\"@id\":\"https:\/\/lesbergersdupeyrat.fr\/index.php\/nos-beaucerons\/#primaryimage\"},\"image\":{\"@id\":\"https:\/\/lesbergersdupeyrat.fr\/index.php\/nos-beaucerons\/#primaryimage\"},\"thumbnailUrl\":\"https:\/\/lesbergersdupeyrat.fr\/wp-content\/uploads\/2019\/09\/IMG_6109.jpg\",\"datePublished\":\"2019-07-25T17:04:35+00:00\",\"dateModified\":\"2019-09-19T07:45:37+00:00\",\"breadcrumb\":{\"@id\":\"https:\/\/lesbergersdupeyrat.fr\/index.php\/nos-beaucerons\/#breadcrumb\"},\"inLanguage\":\"fr-FR\",\"potentialAction\":[{\"@type\":\"ReadAction\",\"target\":[\"https:\/\/lesbergersdupeyrat.fr\/index.php\/nos-beaucerons\/\"]}]},{\"@type\":\"ImageObject\",\"inLanguage\":\"fr-FR\",\"@id\":\"https:\/\/lesbergersdupeyrat.fr\/index.php\/nos-beaucerons\/#primaryimage\",\"url\":\"https:\/\/lesbergersdupeyrat.fr\/wp-content\/uploads\/2019\/09\/IMG_6109.jpg\",\"contentUrl\":\"https:\/\/lesbergersdupeyrat.fr\/wp-content\/uploads\/2019\/09\/IMG_6109.jpg\",\"width\":1920,\"height\":1147},{\"@type\":\"BreadcrumbList\",\"@id\":\"https:\/\/lesbergersdupeyrat.fr\/index.php\/nos-beaucerons\/#breadcrumb\",\"itemListElement\":[{\"@type\":\"ListItem\",\"position\":1,\"name\":\"Accueil\",\"item\":\"https:\/\/lesbergersdupeyrat.fr\/\"},{\"@type\":\"ListItem\",\"position\":2,\"name\":\"NOS BEAUCERONS\"}]},{\"@type\":\"WebSite\",\"@id\":\"https:\/\/lesbergersdupeyrat.fr\/#website\",\"url\":\"https:\/\/lesbergersdupeyrat.fr\/\",\"name\":\"Les Bergers du Peyrat\",\"description\":\"\",\"potentialAction\":[{\"@type\":\"SearchAction\",\"target\":{\"@type\":\"EntryPoint\",\"urlTemplate\":\"https:\/\/lesbergersdupeyrat.fr\/?s={search_term_string}\"},\"query-input\":{\"@type\":\"PropertyValueSpecification\",\"valueRequired\":true,\"valueName\":\"search_term_string\"}}],\"inLanguage\":\"fr-FR\"}]}<\/script>\n<!-- \/ Yoast SEO plugin. -->","yoast_head_json":{"title":"NOS BEAUCERONS - Les Bergers du Peyrat","robots":{"index":"index","follow":"follow","max-snippet":"max-snippet:-1","max-image-preview":"max-image-preview:large","max-video-preview":"max-video-preview:-1"},"canonical":"https:\/\/lesbergersdupeyrat.fr\/index.php\/nos-beaucerons\/","og_locale":"fr_FR","og_type":"article","og_title":"NOS BEAUCERONS - Les Bergers du Peyrat","og_description":"Made In Jamaica, dit Mad&rsquo;in, Nikitta, dit Nikkitouille&nbsp; tous deux issus de l&rsquo;\u00e9levage Des Liens du Feu. Que dire de plus de nos beaucerons que ce que nous pouvons tous lire sur cette race de Berger dans la litt\u00e9rature ou sur le site du Club des Amis du Beauceron. Une chose est sure, ils ont [&hellip;]","og_url":"https:\/\/lesbergersdupeyrat.fr\/index.php\/nos-beaucerons\/","og_site_name":"Les Bergers du Peyrat","article_modified_time":"2019-09-19T07:45:37+00:00","og_image":[{"width":1920,"height":1147,"url":"https:\/\/lesbergersdupeyrat.fr\/wp-content\/uploads\/2019\/09\/IMG_6109.jpg","type":"image\/jpeg"}],"twitter_card":"summary_large_image","twitter_misc":{"Dur\u00e9e de lecture estim\u00e9e":"1 minute"},"schema":{"@context":"https:\/\/schema.org","@graph":[{"@type":"WebPage","@id":"https:\/\/lesbergersdupeyrat.fr\/index.php\/nos-beaucerons\/","url":"https:\/\/lesbergersdupeyrat.fr\/index.php\/nos-beaucerons\/","name":"NOS BEAUCERONS - Les Bergers du Peyrat","isPartOf":{"@id":"https:\/\/lesbergersdupeyrat.fr\/#website"},"primaryImageOfPage":{"@id":"https:\/\/lesbergersdupeyrat.fr\/index.php\/nos-beaucerons\/#primaryimage"},"image":{"@id":"https:\/\/lesbergersdupeyrat.fr\/index.php\/nos-beaucerons\/#primaryimage"},"thumbnailUrl":"https:\/\/lesbergersdupeyrat.fr\/wp-content\/uploads\/2019\/09\/IMG_6109.jpg","datePublished":"2019-07-25T17:04:35+00:00","dateModified":"2019-09-19T07:45:37+00:00","breadcrumb":{"@id":"https:\/\/lesbergersdupeyrat.fr\/index.php\/nos-beaucerons\/#breadcrumb"},"inLanguage":"fr-FR","potentialAction":[{"@type":"ReadAction","target":["https:\/\/lesbergersdupeyrat.fr\/index.php\/nos-beaucerons\/"]}]},{"@type":"ImageObject","inLanguage":"fr-FR","@id":"https:\/\/lesbergersdupeyrat.fr\/index.php\/nos-beaucerons\/#primaryimage","url":"https:\/\/lesbergersdupeyrat.fr\/wp-content\/uploads\/2019\/09\/IMG_6109.jpg","contentUrl":"https:\/\/lesbergersdupeyrat.fr\/wp-content\/uploads\/2019\/09\/IMG_6109.jpg","width":1920,"height":1147},{"@type":"BreadcrumbList","@id":"https:\/\/lesbergersdupeyrat.fr\/index.php\/nos-beaucerons\/#breadcrumb","itemListElement":[{"@type":"ListItem","position":1,"name":"Accueil","item":"https:\/\/lesbergersdupeyrat.fr\/"},{"@type":"ListItem","position":2,"name":"NOS BEAUCERONS"}]},{"@type":"WebSite","@id":"https:\/\/lesbergersdupeyrat.fr\/#website","url":"https:\/\/lesbergersdupeyrat.fr\/","name":"Les Bergers du Peyrat","description":"","potentialAction":[{"@type":"SearchAction","target":{"@type":"EntryPoint","urlTemplate":"https:\/\/lesbergersdupeyrat.fr\/?s={search_term_string}"},"query-input":{"@type":"PropertyValueSpecification","valueRequired":true,"valueName":"search_term_string"}}],"inLanguage":"fr-FR"}]}},"_links":{"self":[{"href":"https:\/\/lesbergersdupeyrat.fr\/index.php\/wp-json\/wp\/v2\/pages\/260"}],"collection":[{"href":"https:\/\/lesbergersdupeyrat.fr\/index.php\/wp-json\/wp\/v2\/pages"}],"about":[{"href":"https:\/\/lesbergersdupeyrat.fr\/index.php\/wp-json\/wp\/v2\/types\/page"}],"author":[{"embeddable":true,"href":"https:\/\/lesbergersdupeyrat.fr\/index.php\/wp-json\/wp\/v2\/users\/1"}],"replies":[{"embeddable":true,"href":"https:\/\/lesbergersdupeyrat.fr\/index.php\/wp-json\/wp\/v2\/comments?post=260"}],"version-history":[{"count":22,"href":"https:\/\/lesbergersdupeyrat.fr\/index.php\/wp-json\/wp\/v2\/pages\/260\/revisions"}],"predecessor-version":[{"id":1005,"href":"https:\/\/lesbergersdupeyrat.fr\/index.php\/wp-json\/wp\/v2\/pages\/260\/revisions\/1005"}],"wp:featuredmedia":[{"embeddable":true,"href":"https:\/\/lesbergersdupeyrat.fr\/index.php\/wp-json\/wp\/v2\/media\/982"}],"wp:attachment":[{"href":"https:\/\/lesbergersdupeyrat.fr\/index.php\/wp-json\/wp\/v2\/media?parent=260"}],"curies":[{"name":"wp","href":"https:\/\/api.w.org\/{rel}","templated":true}]}}