{"id":245,"date":"2019-07-25T18:35:30","date_gmt":"2019-07-25T16:35:30","guid":{"rendered":"http:\/\/lesbergersdupeyrat.fr\/?page_id=245"},"modified":"2019-08-10T23:30:15","modified_gmt":"2019-08-10T21:30:15","slug":"le-lot","status":"publish","type":"page","link":"https:\/\/lesbergersdupeyrat.fr\/index.php\/le-lot\/","title":{"rendered":"LE LOT"},"content":{"rendered":"\r\n<p class=\"has-drop-cap\">Voici quelques photographies glan\u00e9es aux d\u00e9tours de nombreuses balades et randonn\u00e9es dans les campagnes du Lot. Les paysages tr\u00e8s vari\u00e9s, les villages pittoresques , les vieilles pierres des long\u00e8res et des fermes traditionnelles en font un d\u00e9partement attachant et authentique.<\/p>\r\n\r\n\r\n\r\nngg_shortcode_0_placeholder\r\n\r\n\r\n\r\n<div class=\"wp-block-envira-envira-gallery\">&nbsp;<\/div>\r\n","protected":false},"excerpt":{"rendered":"<p>Voici quelques photographies glan\u00e9es aux d\u00e9tours de nombreuses balades et randonn\u00e9es dans les campagnes du Lot. Les paysages tr\u00e8s vari\u00e9s, les villages pittoresques , les vieilles pierres des long\u00e8res et des fermes traditionnelles en font un d\u00e9partement attachant et authentique.<\/p>\n","protected":false},"author":1,"featured_media":200,"parent":0,"menu_order":0,"comment_status":"closed","ping_status":"closed","template":"","meta":{"site-sidebar-layout":"default","site-content-layout":"","ast-site-content-layout":"","site-content-style":"default","site-sidebar-style":"default","ast-global-header-display":"","ast-banner-title-visibility":"","ast-main-header-display":"","ast-hfb-above-header-display":"","ast-hfb-below-header-display":"","ast-hfb-mobile-header-display":"","site-post-title":"","ast-breadcrumbs-content":"","ast-featured-img":"","footer-sml-layout":"","theme-transparent-header-meta":"","adv-header-id-meta":"","stick-header-meta":"","header-above-stick-meta":"","header-main-stick-meta":"","header-below-stick-meta":"","astra-migrate-meta-layouts":"default","ast-page-background-enabled":"default","ast-page-background-meta":{"desktop":{"background-color":"var(--ast-global-color-4)","background-image":"","background-repeat":"repeat","background-position":"center center","background-size":"auto","background-attachment":"scroll","background-type":"","background-media":"","overlay-type":"","overlay-color":"","overlay-gradient":""},"tablet":{"background-color":"","background-image":"","background-repeat":"repeat","background-position":"center center","background-size":"auto","background-attachment":"scroll","background-type":"","background-media":"","overlay-type":"","overlay-color":"","overlay-gradient":""},"mobile":{"background-color":"","background-image":"","background-repeat":"repeat","background-position":"center center","background-size":"auto","background-attachment":"scroll","background-type":"","background-media":"","overlay-type":"","overlay-color":"","overlay-gradient":""}},"ast-content-background-meta":{"desktop":{"background-color":"var(--ast-global-color-5)","background-image":"","background-repeat":"repeat","background-position":"center center","background-size":"auto","background-attachment":"scroll","background-type":"","background-media":"","overlay-type":"","overlay-color":"","overlay-gradient":""},"tablet":{"background-color":"var(--ast-global-color-5)","background-image":"","background-repeat":"repeat","background-position":"center center","background-size":"auto","background-attachment":"scroll","background-type":"","background-media":"","overlay-type":"","overlay-color":"","overlay-gradient":""},"mobile":{"background-color":"var(--ast-global-color-5)","background-image":"","background-repeat":"repeat","background-position":"center center","background-size":"auto","background-attachment":"scroll","background-type":"","background-media":"","overlay-type":"","overlay-color":"","overlay-gradient":""}},"ngg_post_thumbnail":0,"footnotes":""},"yoast_head":"<!-- This site is optimized with the Yoast SEO plugin v24.5 - https:\/\/yoast.com\/wordpress\/plugins\/seo\/ -->\n<title>LE LOT - Les Bergers du Peyrat<\/title>\n<meta name=\"robots\" content=\"index, follow, max-snippet:-1, max-image-preview:large, max-video-preview:-1\" \/>\n<link rel=\"canonical\" href=\"https:\/\/lesbergersdupeyrat.fr\/index.php\/le-lot\/\" \/>\n<meta property=\"og:locale\" content=\"fr_FR\" \/>\n<meta property=\"og:type\" content=\"article\" \/>\n<meta property=\"og:title\" content=\"LE LOT - Les Bergers du Peyrat\" \/>\n<meta property=\"og:description\" content=\"Voici quelques photographies glan\u00e9es aux d\u00e9tours de nombreuses balades et randonn\u00e9es dans les campagnes du Lot. Les paysages tr\u00e8s vari\u00e9s, les villages pittoresques , les vieilles pierres des long\u00e8res et des fermes traditionnelles en font un d\u00e9partement attachant et authentique.\" \/>\n<meta property=\"og:url\" content=\"https:\/\/lesbergersdupeyrat.fr\/index.php\/le-lot\/\" \/>\n<meta property=\"og:site_name\" content=\"Les Bergers du Peyrat\" \/>\n<meta property=\"article:modified_time\" content=\"2019-08-10T21:30:15+00:00\" \/>\n<meta property=\"og:image\" content=\"https:\/\/lesbergersdupeyrat.fr\/wp-content\/uploads\/2019\/07\/IMG_9503-1024x683.jpg\" \/>\n\t<meta property=\"og:image:width\" content=\"1024\" \/>\n\t<meta property=\"og:image:height\" content=\"683\" \/>\n\t<meta property=\"og:image:type\" content=\"image\/jpeg\" \/>\n<meta name=\"twitter:card\" content=\"summary_large_image\" \/>\n<script type=\"application\/ld+json\" class=\"yoast-schema-graph\">{\"@context\":\"https:\/\/schema.org\",\"@graph\":[{\"@type\":\"WebPage\",\"@id\":\"https:\/\/lesbergersdupeyrat.fr\/index.php\/le-lot\/\",\"url\":\"https:\/\/lesbergersdupeyrat.fr\/index.php\/le-lot\/\",\"name\":\"LE LOT - Les Bergers du Peyrat\",\"isPartOf\":{\"@id\":\"https:\/\/lesbergersdupeyrat.fr\/#website\"},\"primaryImageOfPage\":{\"@id\":\"https:\/\/lesbergersdupeyrat.fr\/index.php\/le-lot\/#primaryimage\"},\"image\":{\"@id\":\"https:\/\/lesbergersdupeyrat.fr\/index.php\/le-lot\/#primaryimage\"},\"thumbnailUrl\":\"https:\/\/lesbergersdupeyrat.fr\/wp-content\/uploads\/2019\/07\/IMG_9503.jpg\",\"datePublished\":\"2019-07-25T16:35:30+00:00\",\"dateModified\":\"2019-08-10T21:30:15+00:00\",\"breadcrumb\":{\"@id\":\"https:\/\/lesbergersdupeyrat.fr\/index.php\/le-lot\/#breadcrumb\"},\"inLanguage\":\"fr-FR\",\"potentialAction\":[{\"@type\":\"ReadAction\",\"target\":[\"https:\/\/lesbergersdupeyrat.fr\/index.php\/le-lot\/\"]}]},{\"@type\":\"ImageObject\",\"inLanguage\":\"fr-FR\",\"@id\":\"https:\/\/lesbergersdupeyrat.fr\/index.php\/le-lot\/#primaryimage\",\"url\":\"https:\/\/lesbergersdupeyrat.fr\/wp-content\/uploads\/2019\/07\/IMG_9503.jpg\",\"contentUrl\":\"https:\/\/lesbergersdupeyrat.fr\/wp-content\/uploads\/2019\/07\/IMG_9503.jpg\",\"width\":1920,\"height\":1280},{\"@type\":\"BreadcrumbList\",\"@id\":\"https:\/\/lesbergersdupeyrat.fr\/index.php\/le-lot\/#breadcrumb\",\"itemListElement\":[{\"@type\":\"ListItem\",\"position\":1,\"name\":\"Accueil\",\"item\":\"https:\/\/lesbergersdupeyrat.fr\/\"},{\"@type\":\"ListItem\",\"position\":2,\"name\":\"LE LOT\"}]},{\"@type\":\"WebSite\",\"@id\":\"https:\/\/lesbergersdupeyrat.fr\/#website\",\"url\":\"https:\/\/lesbergersdupeyrat.fr\/\",\"name\":\"Les Bergers du Peyrat\",\"description\":\"\",\"potentialAction\":[{\"@type\":\"SearchAction\",\"target\":{\"@type\":\"EntryPoint\",\"urlTemplate\":\"https:\/\/lesbergersdupeyrat.fr\/?s={search_term_string}\"},\"query-input\":{\"@type\":\"PropertyValueSpecification\",\"valueRequired\":true,\"valueName\":\"search_term_string\"}}],\"inLanguage\":\"fr-FR\"}]}<\/script>\n<!-- \/ Yoast SEO plugin. -->","yoast_head_json":{"title":"LE LOT - Les Bergers du Peyrat","robots":{"index":"index","follow":"follow","max-snippet":"max-snippet:-1","max-image-preview":"max-image-preview:large","max-video-preview":"max-video-preview:-1"},"canonical":"https:\/\/lesbergersdupeyrat.fr\/index.php\/le-lot\/","og_locale":"fr_FR","og_type":"article","og_title":"LE LOT - Les Bergers du Peyrat","og_description":"Voici quelques photographies glan\u00e9es aux d\u00e9tours de nombreuses balades et randonn\u00e9es dans les campagnes du Lot. Les paysages tr\u00e8s vari\u00e9s, les villages pittoresques , les vieilles pierres des long\u00e8res et des fermes traditionnelles en font un d\u00e9partement attachant et authentique.","og_url":"https:\/\/lesbergersdupeyrat.fr\/index.php\/le-lot\/","og_site_name":"Les Bergers du Peyrat","article_modified_time":"2019-08-10T21:30:15+00:00","og_image":[{"width":1024,"height":683,"url":"https:\/\/lesbergersdupeyrat.fr\/wp-content\/uploads\/2019\/07\/IMG_9503-1024x683.jpg","type":"image\/jpeg"}],"twitter_card":"summary_large_image","schema":{"@context":"https:\/\/schema.org","@graph":[{"@type":"WebPage","@id":"https:\/\/lesbergersdupeyrat.fr\/index.php\/le-lot\/","url":"https:\/\/lesbergersdupeyrat.fr\/index.php\/le-lot\/","name":"LE LOT - Les Bergers du Peyrat","isPartOf":{"@id":"https:\/\/lesbergersdupeyrat.fr\/#website"},"primaryImageOfPage":{"@id":"https:\/\/lesbergersdupeyrat.fr\/index.php\/le-lot\/#primaryimage"},"image":{"@id":"https:\/\/lesbergersdupeyrat.fr\/index.php\/le-lot\/#primaryimage"},"thumbnailUrl":"https:\/\/lesbergersdupeyrat.fr\/wp-content\/uploads\/2019\/07\/IMG_9503.jpg","datePublished":"2019-07-25T16:35:30+00:00","dateModified":"2019-08-10T21:30:15+00:00","breadcrumb":{"@id":"https:\/\/lesbergersdupeyrat.fr\/index.php\/le-lot\/#breadcrumb"},"inLanguage":"fr-FR","potentialAction":[{"@type":"ReadAction","target":["https:\/\/lesbergersdupeyrat.fr\/index.php\/le-lot\/"]}]},{"@type":"ImageObject","inLanguage":"fr-FR","@id":"https:\/\/lesbergersdupeyrat.fr\/index.php\/le-lot\/#primaryimage","url":"https:\/\/lesbergersdupeyrat.fr\/wp-content\/uploads\/2019\/07\/IMG_9503.jpg","contentUrl":"https:\/\/lesbergersdupeyrat.fr\/wp-content\/uploads\/2019\/07\/IMG_9503.jpg","width":1920,"height":1280},{"@type":"BreadcrumbList","@id":"https:\/\/lesbergersdupeyrat.fr\/index.php\/le-lot\/#breadcrumb","itemListElement":[{"@type":"ListItem","position":1,"name":"Accueil","item":"https:\/\/lesbergersdupeyrat.fr\/"},{"@type":"ListItem","position":2,"name":"LE LOT"}]},{"@type":"WebSite","@id":"https:\/\/lesbergersdupeyrat.fr\/#website","url":"https:\/\/lesbergersdupeyrat.fr\/","name":"Les Bergers du Peyrat","description":"","potentialAction":[{"@type":"SearchAction","target":{"@type":"EntryPoint","urlTemplate":"https:\/\/lesbergersdupeyrat.fr\/?s={search_term_string}"},"query-input":{"@type":"PropertyValueSpecification","valueRequired":true,"valueName":"search_term_string"}}],"inLanguage":"fr-FR"}]}},"_links":{"self":[{"href":"https:\/\/lesbergersdupeyrat.fr\/index.php\/wp-json\/wp\/v2\/pages\/245"}],"collection":[{"href":"https:\/\/lesbergersdupeyrat.fr\/index.php\/wp-json\/wp\/v2\/pages"}],"about":[{"href":"https:\/\/lesbergersdupeyrat.fr\/index.php\/wp-json\/wp\/v2\/types\/page"}],"author":[{"embeddable":true,"href":"https:\/\/lesbergersdupeyrat.fr\/index.php\/wp-json\/wp\/v2\/users\/1"}],"replies":[{"embeddable":true,"href":"https:\/\/lesbergersdupeyrat.fr\/index.php\/wp-json\/wp\/v2\/comments?post=245"}],"version-history":[{"count":13,"href":"https:\/\/lesbergersdupeyrat.fr\/index.php\/wp-json\/wp\/v2\/pages\/245\/revisions"}],"predecessor-version":[{"id":782,"href":"https:\/\/lesbergersdupeyrat.fr\/index.php\/wp-json\/wp\/v2\/pages\/245\/revisions\/782"}],"wp:featuredmedia":[{"embeddable":true,"href":"https:\/\/lesbergersdupeyrat.fr\/index.php\/wp-json\/wp\/v2\/media\/200"}],"wp:attachment":[{"href":"https:\/\/lesbergersdupeyrat.fr\/index.php\/wp-json\/wp\/v2\/media?parent=245"}],"curies":[{"name":"wp","href":"https:\/\/api.w.org\/{rel}","templated":true}]}}