{"id":1844,"date":"2024-01-11T21:16:42","date_gmt":"2024-01-11T20:16:42","guid":{"rendered":"https:\/\/lesbergersdupeyrat.fr\/?page_id=1844"},"modified":"2024-05-21T17:21:56","modified_gmt":"2024-05-21T15:21:56","slug":"liens","status":"publish","type":"page","link":"https:\/\/lesbergersdupeyrat.fr\/index.php\/accueil\/liens\/","title":{"rendered":"LIENS"},"content":{"rendered":"<ul>\n<li style=\"list-style-type: none;\">\n<ul>\n<li><a href=\"https:\/\/www.afcbarbe.fr\/\">Association Fran\u00e7aise du Cheval Barbe,<\/a><\/li>\n<li><a style=\"font-size: 16px; background-color: #ffffff;\" href=\"https:\/\/equipedia.ifce.fr\">Institut fran\u00e7ais du cheval et de l\u2019\u00e9quitation,<\/a><\/li>\n<li><a href=\"https:\/\/francjoie.fr\/produits_barbe-2019.html\">Elevage Francjoie, \u00e9levage de chevaux Barbes d&rsquo;origines Alg\u00e9riennes, la page de nos Youyous<\/a><\/li>\n<li><a href=\"https:\/\/www.ifce.fr\/wp-content\/uploads\/2015\/08\/DIF_DossierDoc-Ethologie.pdf\" target=\"_blank\" rel=\"noopener\">Ethologie \u00e9quine,<\/a><\/li>\n<li><a href=\"https:\/\/youtube.com\/playlist?list=PLatJ90WPZk48LTlTJEyN7huFL9fAnogPu&#038;si=9SqvqK2fyIWhDGmI\">Vid\u00e9os Youtube des Youyous<\/a><\/li>\n<\/ul>\n<\/li>\n<\/ul>\n","protected":false},"excerpt":{"rendered":"<p>Association Fran\u00e7aise du Cheval Barbe, Institut fran\u00e7ais du cheval et de l\u2019\u00e9quitation, Elevage Francjoie, \u00e9levage de chevaux Barbes d&rsquo;origines Alg\u00e9riennes, la page de nos Youyous Ethologie \u00e9quine, Vid\u00e9os Youtube des Youyous<\/p>\n","protected":false},"author":1,"featured_media":0,"parent":267,"menu_order":0,"comment_status":"closed","ping_status":"closed","template":"","meta":{"site-sidebar-layout":"default","site-content-layout":"default","ast-site-content-layout":"default","site-content-style":"default","site-sidebar-style":"default","ast-global-header-display":"","ast-banner-title-visibility":"","ast-main-header-display":"","ast-hfb-above-header-display":"","ast-hfb-below-header-display":"","ast-hfb-mobile-header-display":"","site-post-title":"","ast-breadcrumbs-content":"","ast-featured-img":"","footer-sml-layout":"","theme-transparent-header-meta":"default","adv-header-id-meta":"","stick-header-meta":"","header-above-stick-meta":"","header-main-stick-meta":"","header-below-stick-meta":"","astra-migrate-meta-layouts":"set","ast-page-background-enabled":"default","ast-page-background-meta":{"desktop":{"background-color":"var(--ast-global-color-4)","background-image":"","background-repeat":"repeat","background-position":"center center","background-size":"auto","background-attachment":"scroll","background-type":"","background-media":"","overlay-type":"","overlay-color":"","overlay-gradient":""},"tablet":{"background-color":"","background-image":"","background-repeat":"repeat","background-position":"center center","background-size":"auto","background-attachment":"scroll","background-type":"","background-media":"","overlay-type":"","overlay-color":"","overlay-gradient":""},"mobile":{"background-color":"","background-image":"","background-repeat":"repeat","background-position":"center center","background-size":"auto","background-attachment":"scroll","background-type":"","background-media":"","overlay-type":"","overlay-color":"","overlay-gradient":""}},"ast-content-background-meta":{"desktop":{"background-color":"var(--ast-global-color-5)","background-image":"","background-repeat":"repeat","background-position":"center center","background-size":"auto","background-attachment":"scroll","background-type":"","background-media":"","overlay-type":"","overlay-color":"","overlay-gradient":""},"tablet":{"background-color":"var(--ast-global-color-5)","background-image":"","background-repeat":"repeat","background-position":"center center","background-size":"auto","background-attachment":"scroll","background-type":"","background-media":"","overlay-type":"","overlay-color":"","overlay-gradient":""},"mobile":{"background-color":"var(--ast-global-color-5)","background-image":"","background-repeat":"repeat","background-position":"center center","background-size":"auto","background-attachment":"scroll","background-type":"","background-media":"","overlay-type":"","overlay-color":"","overlay-gradient":""}},"ngg_post_thumbnail":0,"footnotes":""},"yoast_head":"<!-- This site is optimized with the Yoast SEO plugin v24.5 - https:\/\/yoast.com\/wordpress\/plugins\/seo\/ -->\n<title>LIENS - Les Bergers du Peyrat<\/title>\n<meta name=\"robots\" content=\"index, follow, max-snippet:-1, max-image-preview:large, max-video-preview:-1\" \/>\n<link rel=\"canonical\" href=\"https:\/\/lesbergersdupeyrat.fr\/index.php\/accueil\/liens\/\" \/>\n<meta property=\"og:locale\" content=\"fr_FR\" \/>\n<meta property=\"og:type\" content=\"article\" \/>\n<meta property=\"og:title\" content=\"LIENS - Les Bergers du Peyrat\" \/>\n<meta property=\"og:description\" content=\"Association Fran\u00e7aise du Cheval Barbe, Institut fran\u00e7ais du cheval et de l\u2019\u00e9quitation, Elevage Francjoie, \u00e9levage de chevaux Barbes d&rsquo;origines Alg\u00e9riennes, la page de nos Youyous Ethologie \u00e9quine, Vid\u00e9os Youtube des Youyous\" \/>\n<meta property=\"og:url\" content=\"https:\/\/lesbergersdupeyrat.fr\/index.php\/accueil\/liens\/\" \/>\n<meta property=\"og:site_name\" content=\"Les Bergers du Peyrat\" \/>\n<meta property=\"article:modified_time\" content=\"2024-05-21T15:21:56+00:00\" \/>\n<meta name=\"twitter:card\" content=\"summary_large_image\" \/>\n<meta name=\"twitter:label1\" content=\"Dur\u00e9e de lecture estim\u00e9e\" \/>\n\t<meta name=\"twitter:data1\" content=\"1 minute\" \/>\n<script type=\"application\/ld+json\" class=\"yoast-schema-graph\">{\"@context\":\"https:\/\/schema.org\",\"@graph\":[{\"@type\":\"WebPage\",\"@id\":\"https:\/\/lesbergersdupeyrat.fr\/index.php\/accueil\/liens\/\",\"url\":\"https:\/\/lesbergersdupeyrat.fr\/index.php\/accueil\/liens\/\",\"name\":\"LIENS - Les Bergers du Peyrat\",\"isPartOf\":{\"@id\":\"https:\/\/lesbergersdupeyrat.fr\/#website\"},\"datePublished\":\"2024-01-11T20:16:42+00:00\",\"dateModified\":\"2024-05-21T15:21:56+00:00\",\"breadcrumb\":{\"@id\":\"https:\/\/lesbergersdupeyrat.fr\/index.php\/accueil\/liens\/#breadcrumb\"},\"inLanguage\":\"fr-FR\",\"potentialAction\":[{\"@type\":\"ReadAction\",\"target\":[\"https:\/\/lesbergersdupeyrat.fr\/index.php\/accueil\/liens\/\"]}]},{\"@type\":\"BreadcrumbList\",\"@id\":\"https:\/\/lesbergersdupeyrat.fr\/index.php\/accueil\/liens\/#breadcrumb\",\"itemListElement\":[{\"@type\":\"ListItem\",\"position\":1,\"name\":\"Accueil\",\"item\":\"https:\/\/lesbergersdupeyrat.fr\/\"},{\"@type\":\"ListItem\",\"position\":2,\"name\":\"ACCUEIL\",\"item\":\"https:\/\/lesbergersdupeyrat.fr\/index.php\/accueil\/\"},{\"@type\":\"ListItem\",\"position\":3,\"name\":\"LIENS\"}]},{\"@type\":\"WebSite\",\"@id\":\"https:\/\/lesbergersdupeyrat.fr\/#website\",\"url\":\"https:\/\/lesbergersdupeyrat.fr\/\",\"name\":\"Les Bergers du Peyrat\",\"description\":\"\",\"potentialAction\":[{\"@type\":\"SearchAction\",\"target\":{\"@type\":\"EntryPoint\",\"urlTemplate\":\"https:\/\/lesbergersdupeyrat.fr\/?s={search_term_string}\"},\"query-input\":{\"@type\":\"PropertyValueSpecification\",\"valueRequired\":true,\"valueName\":\"search_term_string\"}}],\"inLanguage\":\"fr-FR\"}]}<\/script>\n<!-- \/ Yoast SEO plugin. -->","yoast_head_json":{"title":"LIENS - Les Bergers du Peyrat","robots":{"index":"index","follow":"follow","max-snippet":"max-snippet:-1","max-image-preview":"max-image-preview:large","max-video-preview":"max-video-preview:-1"},"canonical":"https:\/\/lesbergersdupeyrat.fr\/index.php\/accueil\/liens\/","og_locale":"fr_FR","og_type":"article","og_title":"LIENS - Les Bergers du Peyrat","og_description":"Association Fran\u00e7aise du Cheval Barbe, Institut fran\u00e7ais du cheval et de l\u2019\u00e9quitation, Elevage Francjoie, \u00e9levage de chevaux Barbes d&rsquo;origines Alg\u00e9riennes, la page de nos Youyous Ethologie \u00e9quine, Vid\u00e9os Youtube des Youyous","og_url":"https:\/\/lesbergersdupeyrat.fr\/index.php\/accueil\/liens\/","og_site_name":"Les Bergers du Peyrat","article_modified_time":"2024-05-21T15:21:56+00:00","twitter_card":"summary_large_image","twitter_misc":{"Dur\u00e9e de lecture estim\u00e9e":"1 minute"},"schema":{"@context":"https:\/\/schema.org","@graph":[{"@type":"WebPage","@id":"https:\/\/lesbergersdupeyrat.fr\/index.php\/accueil\/liens\/","url":"https:\/\/lesbergersdupeyrat.fr\/index.php\/accueil\/liens\/","name":"LIENS - Les Bergers du Peyrat","isPartOf":{"@id":"https:\/\/lesbergersdupeyrat.fr\/#website"},"datePublished":"2024-01-11T20:16:42+00:00","dateModified":"2024-05-21T15:21:56+00:00","breadcrumb":{"@id":"https:\/\/lesbergersdupeyrat.fr\/index.php\/accueil\/liens\/#breadcrumb"},"inLanguage":"fr-FR","potentialAction":[{"@type":"ReadAction","target":["https:\/\/lesbergersdupeyrat.fr\/index.php\/accueil\/liens\/"]}]},{"@type":"BreadcrumbList","@id":"https:\/\/lesbergersdupeyrat.fr\/index.php\/accueil\/liens\/#breadcrumb","itemListElement":[{"@type":"ListItem","position":1,"name":"Accueil","item":"https:\/\/lesbergersdupeyrat.fr\/"},{"@type":"ListItem","position":2,"name":"ACCUEIL","item":"https:\/\/lesbergersdupeyrat.fr\/index.php\/accueil\/"},{"@type":"ListItem","position":3,"name":"LIENS"}]},{"@type":"WebSite","@id":"https:\/\/lesbergersdupeyrat.fr\/#website","url":"https:\/\/lesbergersdupeyrat.fr\/","name":"Les Bergers du Peyrat","description":"","potentialAction":[{"@type":"SearchAction","target":{"@type":"EntryPoint","urlTemplate":"https:\/\/lesbergersdupeyrat.fr\/?s={search_term_string}"},"query-input":{"@type":"PropertyValueSpecification","valueRequired":true,"valueName":"search_term_string"}}],"inLanguage":"fr-FR"}]}},"_links":{"self":[{"href":"https:\/\/lesbergersdupeyrat.fr\/index.php\/wp-json\/wp\/v2\/pages\/1844"}],"collection":[{"href":"https:\/\/lesbergersdupeyrat.fr\/index.php\/wp-json\/wp\/v2\/pages"}],"about":[{"href":"https:\/\/lesbergersdupeyrat.fr\/index.php\/wp-json\/wp\/v2\/types\/page"}],"author":[{"embeddable":true,"href":"https:\/\/lesbergersdupeyrat.fr\/index.php\/wp-json\/wp\/v2\/users\/1"}],"replies":[{"embeddable":true,"href":"https:\/\/lesbergersdupeyrat.fr\/index.php\/wp-json\/wp\/v2\/comments?post=1844"}],"version-history":[{"count":13,"href":"https:\/\/lesbergersdupeyrat.fr\/index.php\/wp-json\/wp\/v2\/pages\/1844\/revisions"}],"predecessor-version":[{"id":1890,"href":"https:\/\/lesbergersdupeyrat.fr\/index.php\/wp-json\/wp\/v2\/pages\/1844\/revisions\/1890"}],"up":[{"embeddable":true,"href":"https:\/\/lesbergersdupeyrat.fr\/index.php\/wp-json\/wp\/v2\/pages\/267"}],"wp:attachment":[{"href":"https:\/\/lesbergersdupeyrat.fr\/index.php\/wp-json\/wp\/v2\/media?parent=1844"}],"curies":[{"name":"wp","href":"https:\/\/api.w.org\/{rel}","templated":true}]}}