{"id":1816,"date":"2024-01-11T09:25:47","date_gmt":"2024-01-11T08:25:47","guid":{"rendered":"https:\/\/lesbergersdupeyrat.fr\/?page_id=1816"},"modified":"2024-01-11T11:36:12","modified_gmt":"2024-01-11T10:36:12","slug":"nos-barbes","status":"publish","type":"page","link":"https:\/\/lesbergersdupeyrat.fr\/index.php\/nos-barbes\/","title":{"rendered":"NOS BARBES"},"content":{"rendered":"<p>Notre famille s&rsquo;est agrandie en d\u00e9cembre, nos Youyous, Jub\u00e9o et Jucunda fr\u00e8re et soeur n\u00e9s en 2019, tous deux purs Barbe d&rsquo;origine Alg\u00e9rienne issus de l&rsquo;<a href=\"https:\/\/francjoie.fr\/\">\u00e9levage Francjoie<\/a> dans l&rsquo;Aude sont venus nous rejoindre dans le Lot.<br \/>\nIl sont \u00e0 ce jour, en attendant de venir nous rejoindre \u00e0 la maison, en pension aux <a href=\"https:\/\/www.facebook.com\/p\/Chevaux-du-Gascou-100057636601768\/\">Chevaux du Gascou<\/a> entre les mains expertent d&rsquo;<a href=\"https:\/\/www.facebook.com\/ElodieMathuriauthehorsemindsway\">Elodie Mathuriau<\/a> pour un d\u00e9bourrage en douceur selon les m\u00e9thodes Ethologiques.<br \/>\nngg_shortcode_0_placeholder<\/p>\n","protected":false},"excerpt":{"rendered":"<p>Notre famille s&rsquo;est agrandie en d\u00e9cembre, nos Youyous, Jub\u00e9o et Jucunda fr\u00e8re et soeur n\u00e9s en 2019, tous deux purs Barbe d&rsquo;origine Alg\u00e9rienne issus de l&rsquo;\u00e9levage Francjoie dans l&rsquo;Aude sont venus nous rejoindre dans le Lot. Il sont \u00e0 ce jour, en attendant de venir nous rejoindre \u00e0 la maison, en pension aux Chevaux du [&hellip;]<\/p>\n","protected":false},"author":1,"featured_media":0,"parent":0,"menu_order":0,"comment_status":"closed","ping_status":"closed","template":"","meta":{"site-sidebar-layout":"default","site-content-layout":"default","ast-site-content-layout":"","site-content-style":"default","site-sidebar-style":"default","ast-global-header-display":"","ast-banner-title-visibility":"","ast-main-header-display":"","ast-hfb-above-header-display":"","ast-hfb-below-header-display":"","ast-hfb-mobile-header-display":"","site-post-title":"","ast-breadcrumbs-content":"","ast-featured-img":"","footer-sml-layout":"","theme-transparent-header-meta":"default","adv-header-id-meta":"","stick-header-meta":"","header-above-stick-meta":"","header-main-stick-meta":"","header-below-stick-meta":"","astra-migrate-meta-layouts":"default","ast-page-background-enabled":"default","ast-page-background-meta":{"desktop":{"background-color":"var(--ast-global-color-4)","background-image":"","background-repeat":"repeat","background-position":"center center","background-size":"auto","background-attachment":"scroll","background-type":"","background-media":"","overlay-type":"","overlay-color":"","overlay-gradient":""},"tablet":{"background-color":"","background-image":"","background-repeat":"repeat","background-position":"center center","background-size":"auto","background-attachment":"scroll","background-type":"","background-media":"","overlay-type":"","overlay-color":"","overlay-gradient":""},"mobile":{"background-color":"","background-image":"","background-repeat":"repeat","background-position":"center center","background-size":"auto","background-attachment":"scroll","background-type":"","background-media":"","overlay-type":"","overlay-color":"","overlay-gradient":""}},"ast-content-background-meta":{"desktop":{"background-color":"var(--ast-global-color-5)","background-image":"","background-repeat":"repeat","background-position":"center center","background-size":"auto","background-attachment":"scroll","background-type":"","background-media":"","overlay-type":"","overlay-color":"","overlay-gradient":""},"tablet":{"background-color":"var(--ast-global-color-5)","background-image":"","background-repeat":"repeat","background-position":"center center","background-size":"auto","background-attachment":"scroll","background-type":"","background-media":"","overlay-type":"","overlay-color":"","overlay-gradient":""},"mobile":{"background-color":"var(--ast-global-color-5)","background-image":"","background-repeat":"repeat","background-position":"center center","background-size":"auto","background-attachment":"scroll","background-type":"","background-media":"","overlay-type":"","overlay-color":"","overlay-gradient":""}},"ngg_post_thumbnail":0,"footnotes":""},"yoast_head":"<!-- This site is optimized with the Yoast SEO plugin v24.5 - https:\/\/yoast.com\/wordpress\/plugins\/seo\/ -->\n<title>NOS BARBES - Les Bergers du Peyrat<\/title>\n<meta name=\"robots\" content=\"index, follow, max-snippet:-1, max-image-preview:large, max-video-preview:-1\" \/>\n<link rel=\"canonical\" href=\"https:\/\/lesbergersdupeyrat.fr\/index.php\/nos-barbes\/\" \/>\n<meta property=\"og:locale\" content=\"fr_FR\" \/>\n<meta property=\"og:type\" content=\"article\" \/>\n<meta property=\"og:title\" content=\"NOS BARBES - Les Bergers du Peyrat\" \/>\n<meta property=\"og:description\" content=\"Notre famille s&rsquo;est agrandie en d\u00e9cembre, nos Youyous, Jub\u00e9o et Jucunda fr\u00e8re et soeur n\u00e9s en 2019, tous deux purs Barbe d&rsquo;origine Alg\u00e9rienne issus de l&rsquo;\u00e9levage Francjoie dans l&rsquo;Aude sont venus nous rejoindre dans le Lot. Il sont \u00e0 ce jour, en attendant de venir nous rejoindre \u00e0 la maison, en pension aux Chevaux du [&hellip;]\" \/>\n<meta property=\"og:url\" content=\"https:\/\/lesbergersdupeyrat.fr\/index.php\/nos-barbes\/\" \/>\n<meta property=\"og:site_name\" content=\"Les Bergers du Peyrat\" \/>\n<meta property=\"article:modified_time\" content=\"2024-01-11T10:36:12+00:00\" \/>\n<meta name=\"twitter:card\" content=\"summary_large_image\" \/>\n<meta name=\"twitter:label1\" content=\"Dur\u00e9e de lecture estim\u00e9e\" \/>\n\t<meta name=\"twitter:data1\" content=\"1 minute\" \/>\n<script type=\"application\/ld+json\" class=\"yoast-schema-graph\">{\"@context\":\"https:\/\/schema.org\",\"@graph\":[{\"@type\":\"WebPage\",\"@id\":\"https:\/\/lesbergersdupeyrat.fr\/index.php\/nos-barbes\/\",\"url\":\"https:\/\/lesbergersdupeyrat.fr\/index.php\/nos-barbes\/\",\"name\":\"NOS BARBES - Les Bergers du Peyrat\",\"isPartOf\":{\"@id\":\"https:\/\/lesbergersdupeyrat.fr\/#website\"},\"datePublished\":\"2024-01-11T08:25:47+00:00\",\"dateModified\":\"2024-01-11T10:36:12+00:00\",\"breadcrumb\":{\"@id\":\"https:\/\/lesbergersdupeyrat.fr\/index.php\/nos-barbes\/#breadcrumb\"},\"inLanguage\":\"fr-FR\",\"potentialAction\":[{\"@type\":\"ReadAction\",\"target\":[\"https:\/\/lesbergersdupeyrat.fr\/index.php\/nos-barbes\/\"]}]},{\"@type\":\"BreadcrumbList\",\"@id\":\"https:\/\/lesbergersdupeyrat.fr\/index.php\/nos-barbes\/#breadcrumb\",\"itemListElement\":[{\"@type\":\"ListItem\",\"position\":1,\"name\":\"Accueil\",\"item\":\"https:\/\/lesbergersdupeyrat.fr\/\"},{\"@type\":\"ListItem\",\"position\":2,\"name\":\"NOS BARBES\"}]},{\"@type\":\"WebSite\",\"@id\":\"https:\/\/lesbergersdupeyrat.fr\/#website\",\"url\":\"https:\/\/lesbergersdupeyrat.fr\/\",\"name\":\"Les Bergers du Peyrat\",\"description\":\"\",\"potentialAction\":[{\"@type\":\"SearchAction\",\"target\":{\"@type\":\"EntryPoint\",\"urlTemplate\":\"https:\/\/lesbergersdupeyrat.fr\/?s={search_term_string}\"},\"query-input\":{\"@type\":\"PropertyValueSpecification\",\"valueRequired\":true,\"valueName\":\"search_term_string\"}}],\"inLanguage\":\"fr-FR\"}]}<\/script>\n<!-- \/ Yoast SEO plugin. -->","yoast_head_json":{"title":"NOS BARBES - Les Bergers du Peyrat","robots":{"index":"index","follow":"follow","max-snippet":"max-snippet:-1","max-image-preview":"max-image-preview:large","max-video-preview":"max-video-preview:-1"},"canonical":"https:\/\/lesbergersdupeyrat.fr\/index.php\/nos-barbes\/","og_locale":"fr_FR","og_type":"article","og_title":"NOS BARBES - Les Bergers du Peyrat","og_description":"Notre famille s&rsquo;est agrandie en d\u00e9cembre, nos Youyous, Jub\u00e9o et Jucunda fr\u00e8re et soeur n\u00e9s en 2019, tous deux purs Barbe d&rsquo;origine Alg\u00e9rienne issus de l&rsquo;\u00e9levage Francjoie dans l&rsquo;Aude sont venus nous rejoindre dans le Lot. Il sont \u00e0 ce jour, en attendant de venir nous rejoindre \u00e0 la maison, en pension aux Chevaux du [&hellip;]","og_url":"https:\/\/lesbergersdupeyrat.fr\/index.php\/nos-barbes\/","og_site_name":"Les Bergers du Peyrat","article_modified_time":"2024-01-11T10:36:12+00:00","twitter_card":"summary_large_image","twitter_misc":{"Dur\u00e9e de lecture estim\u00e9e":"1 minute"},"schema":{"@context":"https:\/\/schema.org","@graph":[{"@type":"WebPage","@id":"https:\/\/lesbergersdupeyrat.fr\/index.php\/nos-barbes\/","url":"https:\/\/lesbergersdupeyrat.fr\/index.php\/nos-barbes\/","name":"NOS BARBES - Les Bergers du Peyrat","isPartOf":{"@id":"https:\/\/lesbergersdupeyrat.fr\/#website"},"datePublished":"2024-01-11T08:25:47+00:00","dateModified":"2024-01-11T10:36:12+00:00","breadcrumb":{"@id":"https:\/\/lesbergersdupeyrat.fr\/index.php\/nos-barbes\/#breadcrumb"},"inLanguage":"fr-FR","potentialAction":[{"@type":"ReadAction","target":["https:\/\/lesbergersdupeyrat.fr\/index.php\/nos-barbes\/"]}]},{"@type":"BreadcrumbList","@id":"https:\/\/lesbergersdupeyrat.fr\/index.php\/nos-barbes\/#breadcrumb","itemListElement":[{"@type":"ListItem","position":1,"name":"Accueil","item":"https:\/\/lesbergersdupeyrat.fr\/"},{"@type":"ListItem","position":2,"name":"NOS BARBES"}]},{"@type":"WebSite","@id":"https:\/\/lesbergersdupeyrat.fr\/#website","url":"https:\/\/lesbergersdupeyrat.fr\/","name":"Les Bergers du Peyrat","description":"","potentialAction":[{"@type":"SearchAction","target":{"@type":"EntryPoint","urlTemplate":"https:\/\/lesbergersdupeyrat.fr\/?s={search_term_string}"},"query-input":{"@type":"PropertyValueSpecification","valueRequired":true,"valueName":"search_term_string"}}],"inLanguage":"fr-FR"}]}},"_links":{"self":[{"href":"https:\/\/lesbergersdupeyrat.fr\/index.php\/wp-json\/wp\/v2\/pages\/1816"}],"collection":[{"href":"https:\/\/lesbergersdupeyrat.fr\/index.php\/wp-json\/wp\/v2\/pages"}],"about":[{"href":"https:\/\/lesbergersdupeyrat.fr\/index.php\/wp-json\/wp\/v2\/types\/page"}],"author":[{"embeddable":true,"href":"https:\/\/lesbergersdupeyrat.fr\/index.php\/wp-json\/wp\/v2\/users\/1"}],"replies":[{"embeddable":true,"href":"https:\/\/lesbergersdupeyrat.fr\/index.php\/wp-json\/wp\/v2\/comments?post=1816"}],"version-history":[{"count":8,"href":"https:\/\/lesbergersdupeyrat.fr\/index.php\/wp-json\/wp\/v2\/pages\/1816\/revisions"}],"predecessor-version":[{"id":1835,"href":"https:\/\/lesbergersdupeyrat.fr\/index.php\/wp-json\/wp\/v2\/pages\/1816\/revisions\/1835"}],"wp:attachment":[{"href":"https:\/\/lesbergersdupeyrat.fr\/index.php\/wp-json\/wp\/v2\/media?parent=1816"}],"curies":[{"name":"wp","href":"https:\/\/api.w.org\/{rel}","templated":true}]}}