{"id":1105,"date":"2019-09-27T17:41:08","date_gmt":"2019-09-27T15:41:08","guid":{"rendered":"http:\/\/lesbergersdupeyrat.fr\/index.php\/accueil\/galerie-photo\/les-passereaux\/"},"modified":"2019-09-27T17:47:46","modified_gmt":"2019-09-27T15:47:46","slug":"les-passereaux","status":"publish","type":"page","link":"https:\/\/lesbergersdupeyrat.fr\/index.php\/accueil\/galerie-photo\/les-passereaux\/","title":{"rendered":"Les Passereaux"},"content":{"rendered":"<p>Les passereaux ou passeriformes sont le plus grand ordre des oiseaux. La plupart sont consid\u00e9r\u00e9s comme des oiseaux chanteurs (d\u2019o\u00f9 l\u2019appellation \u00ab songbirds \u00bb en anglais). Mais des corvid\u00e9s aux parid\u00e9s (m\u00e9sanges) en passant par les pies-gri\u00e8ches ou le cincle plongeur, l\u2019ordre est tellement vaste qu\u2019il est compliqu\u00e9 de dresser des caract\u00e8res communs \u00e0 l\u2019ensemble des familles de passereaux. Et pourtant, si vous n\u2019avez vu qu\u2019un seul animal sauvage dans la journ\u00e9e, il y a fort \u00e0 parier que c\u2019\u00e9tait l\u2019un d\u2019eux.<\/p>\nngg_shortcode_0_placeholder\n","protected":false},"excerpt":{"rendered":"<p>Les passereaux ou passeriformes sont le plus grand ordre des oiseaux. La plupart sont consid\u00e9r\u00e9s comme des oiseaux chanteurs (d\u2019o\u00f9 l\u2019appellation \u00ab songbirds \u00bb en anglais). Mais des corvid\u00e9s aux parid\u00e9s (m\u00e9sanges) en passant par les pies-gri\u00e8ches ou le cincle plongeur, l\u2019ordre est tellement vaste qu\u2019il est compliqu\u00e9 de dresser des caract\u00e8res communs \u00e0 l\u2019ensemble [&hellip;]<\/p>\n","protected":false},"author":1,"featured_media":0,"parent":277,"menu_order":0,"comment_status":"closed","ping_status":"closed","template":"","meta":{"site-sidebar-layout":"default","site-content-layout":"","ast-site-content-layout":"","site-content-style":"default","site-sidebar-style":"default","ast-global-header-display":"","ast-banner-title-visibility":"","ast-main-header-display":"","ast-hfb-above-header-display":"","ast-hfb-below-header-display":"","ast-hfb-mobile-header-display":"","site-post-title":"","ast-breadcrumbs-content":"","ast-featured-img":"","footer-sml-layout":"","theme-transparent-header-meta":"","adv-header-id-meta":"","stick-header-meta":"","header-above-stick-meta":"","header-main-stick-meta":"","header-below-stick-meta":"","astra-migrate-meta-layouts":"default","ast-page-background-enabled":"default","ast-page-background-meta":{"desktop":{"background-color":"var(--ast-global-color-4)","background-image":"","background-repeat":"repeat","background-position":"center center","background-size":"auto","background-attachment":"scroll","background-type":"","background-media":"","overlay-type":"","overlay-color":"","overlay-gradient":""},"tablet":{"background-color":"","background-image":"","background-repeat":"repeat","background-position":"center center","background-size":"auto","background-attachment":"scroll","background-type":"","background-media":"","overlay-type":"","overlay-color":"","overlay-gradient":""},"mobile":{"background-color":"","background-image":"","background-repeat":"repeat","background-position":"center center","background-size":"auto","background-attachment":"scroll","background-type":"","background-media":"","overlay-type":"","overlay-color":"","overlay-gradient":""}},"ast-content-background-meta":{"desktop":{"background-color":"var(--ast-global-color-5)","background-image":"","background-repeat":"repeat","background-position":"center center","background-size":"auto","background-attachment":"scroll","background-type":"","background-media":"","overlay-type":"","overlay-color":"","overlay-gradient":""},"tablet":{"background-color":"var(--ast-global-color-5)","background-image":"","background-repeat":"repeat","background-position":"center center","background-size":"auto","background-attachment":"scroll","background-type":"","background-media":"","overlay-type":"","overlay-color":"","overlay-gradient":""},"mobile":{"background-color":"var(--ast-global-color-5)","background-image":"","background-repeat":"repeat","background-position":"center center","background-size":"auto","background-attachment":"scroll","background-type":"","background-media":"","overlay-type":"","overlay-color":"","overlay-gradient":""}},"ngg_post_thumbnail":0,"footnotes":""},"yoast_head":"<!-- This site is optimized with the Yoast SEO plugin v24.5 - https:\/\/yoast.com\/wordpress\/plugins\/seo\/ -->\n<title>Les Passereaux - Les Bergers du Peyrat<\/title>\n<meta name=\"robots\" content=\"index, follow, max-snippet:-1, max-image-preview:large, max-video-preview:-1\" \/>\n<link rel=\"canonical\" href=\"https:\/\/lesbergersdupeyrat.fr\/index.php\/accueil\/galerie-photo\/les-passereaux\/\" \/>\n<meta property=\"og:locale\" content=\"fr_FR\" \/>\n<meta property=\"og:type\" content=\"article\" \/>\n<meta property=\"og:title\" content=\"Les Passereaux - Les Bergers du Peyrat\" \/>\n<meta property=\"og:description\" content=\"Les passereaux ou passeriformes sont le plus grand ordre des oiseaux. La plupart sont consid\u00e9r\u00e9s comme des oiseaux chanteurs (d\u2019o\u00f9 l\u2019appellation \u00ab songbirds \u00bb en anglais). Mais des corvid\u00e9s aux parid\u00e9s (m\u00e9sanges) en passant par les pies-gri\u00e8ches ou le cincle plongeur, l\u2019ordre est tellement vaste qu\u2019il est compliqu\u00e9 de dresser des caract\u00e8res communs \u00e0 l\u2019ensemble [&hellip;]\" \/>\n<meta property=\"og:url\" content=\"https:\/\/lesbergersdupeyrat.fr\/index.php\/accueil\/galerie-photo\/les-passereaux\/\" \/>\n<meta property=\"og:site_name\" content=\"Les Bergers du Peyrat\" \/>\n<meta property=\"article:modified_time\" content=\"2019-09-27T15:47:46+00:00\" \/>\n<meta name=\"twitter:card\" content=\"summary_large_image\" \/>\n<script type=\"application\/ld+json\" class=\"yoast-schema-graph\">{\"@context\":\"https:\/\/schema.org\",\"@graph\":[{\"@type\":\"WebPage\",\"@id\":\"https:\/\/lesbergersdupeyrat.fr\/index.php\/accueil\/galerie-photo\/les-passereaux\/\",\"url\":\"https:\/\/lesbergersdupeyrat.fr\/index.php\/accueil\/galerie-photo\/les-passereaux\/\",\"name\":\"Les Passereaux - Les Bergers du Peyrat\",\"isPartOf\":{\"@id\":\"https:\/\/lesbergersdupeyrat.fr\/#website\"},\"datePublished\":\"2019-09-27T15:41:08+00:00\",\"dateModified\":\"2019-09-27T15:47:46+00:00\",\"breadcrumb\":{\"@id\":\"https:\/\/lesbergersdupeyrat.fr\/index.php\/accueil\/galerie-photo\/les-passereaux\/#breadcrumb\"},\"inLanguage\":\"fr-FR\",\"potentialAction\":[{\"@type\":\"ReadAction\",\"target\":[\"https:\/\/lesbergersdupeyrat.fr\/index.php\/accueil\/galerie-photo\/les-passereaux\/\"]}]},{\"@type\":\"BreadcrumbList\",\"@id\":\"https:\/\/lesbergersdupeyrat.fr\/index.php\/accueil\/galerie-photo\/les-passereaux\/#breadcrumb\",\"itemListElement\":[{\"@type\":\"ListItem\",\"position\":1,\"name\":\"Accueil\",\"item\":\"https:\/\/lesbergersdupeyrat.fr\/\"},{\"@type\":\"ListItem\",\"position\":2,\"name\":\"ACCUEIL\",\"item\":\"https:\/\/lesbergersdupeyrat.fr\/index.php\/accueil\/\"},{\"@type\":\"ListItem\",\"position\":3,\"name\":\"GALERIE PHOTO\",\"item\":\"https:\/\/lesbergersdupeyrat.fr\/index.php\/accueil\/galerie-photo\/\"},{\"@type\":\"ListItem\",\"position\":4,\"name\":\"Les Passereaux\"}]},{\"@type\":\"WebSite\",\"@id\":\"https:\/\/lesbergersdupeyrat.fr\/#website\",\"url\":\"https:\/\/lesbergersdupeyrat.fr\/\",\"name\":\"Les Bergers du Peyrat\",\"description\":\"\",\"potentialAction\":[{\"@type\":\"SearchAction\",\"target\":{\"@type\":\"EntryPoint\",\"urlTemplate\":\"https:\/\/lesbergersdupeyrat.fr\/?s={search_term_string}\"},\"query-input\":{\"@type\":\"PropertyValueSpecification\",\"valueRequired\":true,\"valueName\":\"search_term_string\"}}],\"inLanguage\":\"fr-FR\"}]}<\/script>\n<!-- \/ Yoast SEO plugin. -->","yoast_head_json":{"title":"Les Passereaux - Les Bergers du Peyrat","robots":{"index":"index","follow":"follow","max-snippet":"max-snippet:-1","max-image-preview":"max-image-preview:large","max-video-preview":"max-video-preview:-1"},"canonical":"https:\/\/lesbergersdupeyrat.fr\/index.php\/accueil\/galerie-photo\/les-passereaux\/","og_locale":"fr_FR","og_type":"article","og_title":"Les Passereaux - Les Bergers du Peyrat","og_description":"Les passereaux ou passeriformes sont le plus grand ordre des oiseaux. La plupart sont consid\u00e9r\u00e9s comme des oiseaux chanteurs (d\u2019o\u00f9 l\u2019appellation \u00ab songbirds \u00bb en anglais). Mais des corvid\u00e9s aux parid\u00e9s (m\u00e9sanges) en passant par les pies-gri\u00e8ches ou le cincle plongeur, l\u2019ordre est tellement vaste qu\u2019il est compliqu\u00e9 de dresser des caract\u00e8res communs \u00e0 l\u2019ensemble [&hellip;]","og_url":"https:\/\/lesbergersdupeyrat.fr\/index.php\/accueil\/galerie-photo\/les-passereaux\/","og_site_name":"Les Bergers du Peyrat","article_modified_time":"2019-09-27T15:47:46+00:00","twitter_card":"summary_large_image","schema":{"@context":"https:\/\/schema.org","@graph":[{"@type":"WebPage","@id":"https:\/\/lesbergersdupeyrat.fr\/index.php\/accueil\/galerie-photo\/les-passereaux\/","url":"https:\/\/lesbergersdupeyrat.fr\/index.php\/accueil\/galerie-photo\/les-passereaux\/","name":"Les Passereaux - Les Bergers du Peyrat","isPartOf":{"@id":"https:\/\/lesbergersdupeyrat.fr\/#website"},"datePublished":"2019-09-27T15:41:08+00:00","dateModified":"2019-09-27T15:47:46+00:00","breadcrumb":{"@id":"https:\/\/lesbergersdupeyrat.fr\/index.php\/accueil\/galerie-photo\/les-passereaux\/#breadcrumb"},"inLanguage":"fr-FR","potentialAction":[{"@type":"ReadAction","target":["https:\/\/lesbergersdupeyrat.fr\/index.php\/accueil\/galerie-photo\/les-passereaux\/"]}]},{"@type":"BreadcrumbList","@id":"https:\/\/lesbergersdupeyrat.fr\/index.php\/accueil\/galerie-photo\/les-passereaux\/#breadcrumb","itemListElement":[{"@type":"ListItem","position":1,"name":"Accueil","item":"https:\/\/lesbergersdupeyrat.fr\/"},{"@type":"ListItem","position":2,"name":"ACCUEIL","item":"https:\/\/lesbergersdupeyrat.fr\/index.php\/accueil\/"},{"@type":"ListItem","position":3,"name":"GALERIE PHOTO","item":"https:\/\/lesbergersdupeyrat.fr\/index.php\/accueil\/galerie-photo\/"},{"@type":"ListItem","position":4,"name":"Les Passereaux"}]},{"@type":"WebSite","@id":"https:\/\/lesbergersdupeyrat.fr\/#website","url":"https:\/\/lesbergersdupeyrat.fr\/","name":"Les Bergers du Peyrat","description":"","potentialAction":[{"@type":"SearchAction","target":{"@type":"EntryPoint","urlTemplate":"https:\/\/lesbergersdupeyrat.fr\/?s={search_term_string}"},"query-input":{"@type":"PropertyValueSpecification","valueRequired":true,"valueName":"search_term_string"}}],"inLanguage":"fr-FR"}]}},"_links":{"self":[{"href":"https:\/\/lesbergersdupeyrat.fr\/index.php\/wp-json\/wp\/v2\/pages\/1105"}],"collection":[{"href":"https:\/\/lesbergersdupeyrat.fr\/index.php\/wp-json\/wp\/v2\/pages"}],"about":[{"href":"https:\/\/lesbergersdupeyrat.fr\/index.php\/wp-json\/wp\/v2\/types\/page"}],"author":[{"embeddable":true,"href":"https:\/\/lesbergersdupeyrat.fr\/index.php\/wp-json\/wp\/v2\/users\/1"}],"replies":[{"embeddable":true,"href":"https:\/\/lesbergersdupeyrat.fr\/index.php\/wp-json\/wp\/v2\/comments?post=1105"}],"version-history":[{"count":2,"href":"https:\/\/lesbergersdupeyrat.fr\/index.php\/wp-json\/wp\/v2\/pages\/1105\/revisions"}],"predecessor-version":[{"id":1109,"href":"https:\/\/lesbergersdupeyrat.fr\/index.php\/wp-json\/wp\/v2\/pages\/1105\/revisions\/1109"}],"up":[{"embeddable":true,"href":"https:\/\/lesbergersdupeyrat.fr\/index.php\/wp-json\/wp\/v2\/pages\/277"}],"wp:attachment":[{"href":"https:\/\/lesbergersdupeyrat.fr\/index.php\/wp-json\/wp\/v2\/media?parent=1105"}],"curies":[{"name":"wp","href":"https:\/\/api.w.org\/{rel}","templated":true}]}}